{"id":606,"date":"2023-10-04T12:04:56","date_gmt":"2023-10-04T10:04:56","guid":{"rendered":"https:\/\/dev.lasselsberger.com\/divisions\/mineralien\/"},"modified":"2026-02-02T14:11:41","modified_gmt":"2026-02-02T13:11:41","slug":"minerals","status":"publish","type":"page","link":"https:\/\/www.lasselsberger.com\/en\/divisions\/minerals\/","title":{"rendered":"Minerals"},"content":{"rendered":"<p>[vc_row full_width=&#8221;stretch_row_content_no_spaces&#8221;][vc_column]\n        <div id=\"page-title\" class=\"\">\n            <div id=\"hero\"><\/div>\n            <div class=\"page-title-inner\">\n                <div class=\"page-title-content\"><h1 class=\"title\">Minerals<\/h1><\/div>\n            <\/div>\n        <\/div>[\/vc_column][\/vc_row][vc_row css_animation=&#8221;fadeInUp&#8221; el_class=&#8221;section&#8221;][vc_column][vc_row_inner content_placement=&#8221;middle&#8221;][vc_column_inner width=&#8221;2\/3&#8243; offset=&#8221;vc_col-lg-offset-1 vc_col-lg-6&#8243;]<div class=\"heading-wrapper    wpb_animate_when_almost_visible wpb_fadeIn fadeIn\"><h2 class=\"title\">As diverse as our customers<\/h2><\/div>[vc_column_text css_animation=&#8221;fadeIn&#8221; css=&#8221;&#8221; el_class=&#8221;mb50&#8243;]The Division Minerals is engaged in the mining, processing and preparation of valuable raw materials, supporting the production of pioneering products. With production sites in Austria, Czech Republic, Slovakia, Hungary, and Asia, raw materials such as kaolin, feldspar, clay, limestone, sand, gravel, and crushed stone are mined and processed. In addition to the Groups own ceramic tiles and building materials production, a wide range of other industries are also supplied. As a result, the business is becoming increasingly independent of the construction industry.[\/vc_column_text][\/vc_column_inner][vc_column_inner el_class=&#8221;mb30&#8243; width=&#8221;1\/3&#8243;][vc_single_image image=&#8221;764&#8243; img_size=&#8221;large&#8221; css_animation=&#8221;fadeIn&#8221; css=&#8221;&#8221;][\/vc_column_inner][\/vc_row_inner][\/vc_column][\/vc_row][vc_row css_animation=&#8221;fadeInUp&#8221; el_class=&#8221;section pt0&#8243;][vc_column][vc_row_inner content_placement=&#8221;middle&#8221; el_class=&#8221;mobile-swap&#8221;][vc_column_inner el_class=&#8221;mb30&#8243; width=&#8221;1\/3&#8243;][vc_single_image image=&#8221;765&#8243; img_size=&#8221;large&#8221; css_animation=&#8221;fadeIn&#8221; css=&#8221;&#8221;][\/vc_column_inner][vc_column_inner width=&#8221;2\/3&#8243; offset=&#8221;vc_col-lg-offset-1 vc_col-lg-6&#8243;][vc_column_text css_animation=&#8221;fadeIn&#8221; css=&#8221;.vc_custom_1766066873429{padding-bottom: 50px !important;}&#8221;]Decades of experience and long-term secured raw material reserves form the basis for expanding the business activities. Modern facilities, continuous investment, and dedicated employees ensure high-quality products and reliable supply chains. As a trusted partner to industry, the Minerals Division is steadily strengthening its market position by focusing on sustainable development and long-term international growth, driving this forward by focusing on new, future-oriented markets.[\/vc_column_text][\/vc_column_inner][\/vc_row_inner][\/vc_column][\/vc_row][vc_row full_width=&#8221;stretch_row&#8221; el_class=&#8221;section&#8221;][vc_column][vc_row_inner equal_height=&#8221;yes&#8221;][vc_column_inner width=&#8221;1\/2&#8243; offset=&#8221;vc_col-md-4&#8243;]\n        <div class=\"companybox  wpb_animate_when_almost_visible wpb_fadeIn fadeIn\">\n            <div class=\"image-holder\">\n                <img decoding=\"async\" src=\"https:\/\/www.lasselsberger.com\/wp-content\/uploads\/2025\/12\/lb-minerals-gross.jpg\" alt=\"\">\n            <\/div>\n            <div class=\"content\">\n            \t<div>\n\t                <h3>LB MINERALS, S.R.O<\/h3>\n\t                <p>LB Minerals, s.r.o. is one of Europe\u2019s leading kaolin producers and has long-term secured raw material reserves, which also ensure the extraction of sand, gravel, feldspar, clay, and other minerals.<\/p>\n<p>Horn\u00ed B\u0159\u00edza 431,<br \/>\n330 12 Horn\u00ed B\u0159\u00edza<br \/>\nCzechia<\/p>\n\n                <\/div>\n                <div class=\"contact-infos\">\n\t                <a class=\"text-link\" href=\"tel:+420 378 071 111\" target=\"_blank\"><img decoding=\"async\" class=\"icon\" src=\"https:\/\/www.lasselsberger.com\/wp-content\/themes\/dp-core\/img\/icons\/icon-phone.svg\" alt=\"Phone\">+420 378 071 111<\/a><a class=\"text-link\" href=\"mailto:minerals@cz.lasselsberger.com\" target=\"_blank\"><img decoding=\"async\" class=\"icon\" src=\"https:\/\/www.lasselsberger.com\/wp-content\/themes\/dp-core\/img\/icons\/icon-mail.svg\" alt=\"E-Mail\">minerals@cz.lasselsberger.com<\/a><a class=\"text-link\" href=\"https:\/\/www.lb-minerals.cz\" target=\"_blank\"><img decoding=\"async\" class=\"icon\" src=\"https:\/\/www.lasselsberger.com\/wp-content\/themes\/dp-core\/img\/icons\/icon-web.svg\" alt=\"Website\">www.lb-minerals.cz<\/a>\n                <\/div>\n            <\/div>\n        <\/div>[\/vc_column_inner][vc_column_inner width=&#8221;1\/2&#8243; offset=&#8221;vc_col-md-4&#8243;]\n        <div class=\"companybox  wpb_animate_when_almost_visible wpb_fadeIn fadeIn\">\n            <div class=\"image-holder\">\n                <img decoding=\"async\" src=\"https:\/\/www.lasselsberger.com\/wp-content\/uploads\/2025\/12\/lb_ungarn_gross.jpg\" alt=\"\">\n            <\/div>\n            <div class=\"content\">\n            \t<div>\n\t                <h3>LASSELSBERGER HUNG\u00c1RIA KFT.<\/h3>\n\t                <p>Lasselsberger Hungaria Kft. is the clear market leader in the local sand and gravel market with a large number of extraction sites throughout Hungary.<\/p>\n<p>Grassalkovich \u00fat 255.,<br \/>\n1239 Budapest<br \/>\nHungary<\/p>\n\n                <\/div>\n                <div class=\"contact-infos\">\n\t                <a class=\"text-link\" href=\"tel:+36 1 289 5101\" target=\"_blank\"><img decoding=\"async\" class=\"icon\" src=\"https:\/\/www.lasselsberger.com\/wp-content\/themes\/dp-core\/img\/icons\/icon-phone.svg\" alt=\"Phone\">+36 1 289 5101<\/a><a class=\"text-link\" href=\"mailto:info@hu.lasselsberger.com\" target=\"_blank\"><img decoding=\"async\" class=\"icon\" src=\"https:\/\/www.lasselsberger.com\/wp-content\/themes\/dp-core\/img\/icons\/icon-mail.svg\" alt=\"E-Mail\">info@hu.lasselsberger.com<\/a><a class=\"text-link\" href=\"https:\/\/www.lasselsberger.hu\" target=\"_blank\"><img decoding=\"async\" class=\"icon\" src=\"https:\/\/www.lasselsberger.com\/wp-content\/themes\/dp-core\/img\/icons\/icon-web.svg\" alt=\"Website\">www.lasselsberger.hu<\/a>\n                <\/div>\n            <\/div>\n        <\/div>[\/vc_column_inner][vc_column_inner width=&#8221;1\/2&#8243; offset=&#8221;vc_col-md-4&#8243;]\n        <div class=\"companybox  wpb_animate_when_almost_visible wpb_fadeIn fadeIn\">\n            <div class=\"image-holder\">\n                <img decoding=\"async\" src=\"https:\/\/www.lasselsberger.com\/wp-content\/uploads\/2025\/12\/lb-minerals-sk-gross.jpg\" alt=\"\">\n            <\/div>\n            <div class=\"content\">\n            \t<div>\n\t                <h3>LB MINERALS SK, S.R.O.<\/h3>\n\t                <p>LB Minerals SK, s.r.o. is primarily engaged in the mining and processing of ceramic raw materials, feldspar, bentonite, perlite, quartz sand, and gravel.<\/p>\n<p>Tom\u00e1\u0161ikova 35,<br \/>\n043 22 Ko\u0161ice<br \/>\nSlovakia<\/p>\n\n                <\/div>\n                <div class=\"contact-infos\">\n\t                <a class=\"text-link\" href=\"tel:+421 55 7980 501\" target=\"_blank\"><img decoding=\"async\" class=\"icon\" src=\"https:\/\/www.lasselsberger.com\/wp-content\/themes\/dp-core\/img\/icons\/icon-phone.svg\" alt=\"Phone\">+421 55 7980 501<\/a><a class=\"text-link\" href=\"mailto:info@sk.lasselsberger.com\" target=\"_blank\"><img decoding=\"async\" class=\"icon\" src=\"https:\/\/www.lasselsberger.com\/wp-content\/themes\/dp-core\/img\/icons\/icon-mail.svg\" alt=\"E-Mail\">info@sk.lasselsberger.com<\/a><a class=\"text-link\" href=\"https:\/\/www.lbminerals.sk\" target=\"_blank\"><img decoding=\"async\" class=\"icon\" src=\"https:\/\/www.lasselsberger.com\/wp-content\/themes\/dp-core\/img\/icons\/icon-web.svg\" alt=\"Website\">www.lbminerals.sk<\/a>\n                <\/div>\n            <\/div>\n        <\/div>[\/vc_column_inner][vc_column_inner width=&#8221;1\/2&#8243; offset=&#8221;vc_col-md-4&#8243;]\n        <div class=\"companybox  wpb_animate_when_almost_visible wpb_fadeIn fadeIn\">\n            <div class=\"image-holder\">\n                <img decoding=\"async\" src=\"https:\/\/www.lasselsberger.com\/wp-content\/uploads\/2025\/12\/lb-minerals-gross.jpg\" alt=\"\">\n            <\/div>\n            <div class=\"content\">\n            \t<div>\n\t                <h3>LB Minerals PTY LTD<\/h3>\n\t                <p>LB Minerals PTY LTD extracts and processes high-quality mineralas such as kaolin, metakaolin and quartz, supplying them worldwide for a wide range of applications, including the ceramics, paper, glass and coating industries.<\/p>\n<p>3\/34 Charles Street<br \/>\nSouth Perth WA 6151<br \/>\nAustralia<\/p>\n\n                <\/div>\n                <div class=\"contact-infos\">\n\t                <a class=\"text-link\" href=\"tel:+61 8 6110 3689\" target=\"_blank\"><img decoding=\"async\" class=\"icon\" src=\"https:\/\/www.lasselsberger.com\/wp-content\/themes\/dp-core\/img\/icons\/icon-phone.svg\" alt=\"Phone\">+61 8 6110 3689<\/a><a class=\"text-link\" href=\"mailto:office@lbminerals.com.au\" target=\"_blank\"><img decoding=\"async\" class=\"icon\" src=\"https:\/\/www.lasselsberger.com\/wp-content\/themes\/dp-core\/img\/icons\/icon-mail.svg\" alt=\"E-Mail\">office@lbminerals.com.au<\/a><a class=\"text-link\" href=\"https:\/\/www.lbminerals.com.au\" target=\"_blank\"><img decoding=\"async\" class=\"icon\" src=\"https:\/\/www.lasselsberger.com\/wp-content\/themes\/dp-core\/img\/icons\/icon-web.svg\" alt=\"Website\">www.lbminerals.com.au<\/a>\n                <\/div>\n            <\/div>\n        <\/div>[\/vc_column_inner][vc_column_inner width=&#8221;1\/2&#8243; offset=&#8221;vc_col-md-4&#8243;]\n        <div class=\"companybox  wpb_animate_when_almost_visible wpb_fadeIn fadeIn\">\n            <div class=\"image-holder\">\n                <img decoding=\"async\" src=\"https:\/\/www.lasselsberger.com\/wp-content\/uploads\/2025\/12\/lb_gmbh_gross.jpg\" alt=\"\">\n            <\/div>\n            <div class=\"content\">\n            \t<div>\n\t                <h3>LASSELSBERGER GmbH<\/h3>\n\t                <p>Lasselsberger GmbH produces and supplies ready-mix concrete, sand, gravel, concrete blocks and recycled construction materials, while also extracting and processing mineral raw materials for the construction industry.<\/p>\n<p>W\u00f6rth 3,<br \/>\n3380 P\u00f6chlarn<br \/>\nAustria<\/p>\n\n                <\/div>\n                <div class=\"contact-infos\">\n\t                <a class=\"text-link\" href=\"tel:+43 2757 7501-0\" target=\"_blank\"><img decoding=\"async\" class=\"icon\" src=\"https:\/\/www.lasselsberger.com\/wp-content\/themes\/dp-core\/img\/icons\/icon-phone.svg\" alt=\"Phone\">+43 2757 7501-0<\/a><a class=\"text-link\" href=\"mailto:office@lasselsberger.at\" target=\"_blank\"><img decoding=\"async\" class=\"icon\" src=\"https:\/\/www.lasselsberger.com\/wp-content\/themes\/dp-core\/img\/icons\/icon-mail.svg\" alt=\"E-Mail\">office@lasselsberger.at<\/a><a class=\"text-link\" href=\"https:\/\/www.lasselsberger.at\" target=\"_blank\"><img decoding=\"async\" class=\"icon\" src=\"https:\/\/www.lasselsberger.com\/wp-content\/themes\/dp-core\/img\/icons\/icon-web.svg\" alt=\"Website\">www.lasselsberger.at<\/a>\n                <\/div>\n            <\/div>\n        <\/div>[\/vc_column_inner][vc_column_inner width=&#8221;1\/2&#8243; offset=&#8221;vc_col-md-4&#8243;]\n        <div class=\"companybox  wpb_animate_when_almost_visible wpb_fadeIn fadeIn\">\n            <div class=\"image-holder\">\n                <img decoding=\"async\" src=\"https:\/\/www.lasselsberger.com\/wp-content\/uploads\/2025\/12\/lb-minerals-gross.jpg\" alt=\"\">\n            <\/div>\n            <div class=\"content\">\n            \t<div>\n\t                <h3>OOO LB Minerals<\/h3>\n\t                <p>OO LB Minerals is primarily engaged in the extraction and processing of kaolin.<\/p>\n<p>Magnitogosk Road 1<br \/>\n457020 Plast City<br \/>\nRussia<\/p>\n\n                <\/div>\n                <div class=\"contact-infos\">\n\t                <a class=\"text-link\" href=\"tel:+7 800 333 04 98\" target=\"_blank\"><img decoding=\"async\" class=\"icon\" src=\"https:\/\/www.lasselsberger.com\/wp-content\/themes\/dp-core\/img\/icons\/icon-phone.svg\" alt=\"Phone\">+7 800 333 04 98<\/a><a class=\"text-link\" href=\"mailto:office@lbminerals-plast.ru\" target=\"_blank\"><img decoding=\"async\" class=\"icon\" src=\"https:\/\/www.lasselsberger.com\/wp-content\/themes\/dp-core\/img\/icons\/icon-mail.svg\" alt=\"E-Mail\">office@lbminerals-plast.ru<\/a>\n                <\/div>\n            <\/div>\n        <\/div>[\/vc_column_inner][\/vc_row_inner][\/vc_column][\/vc_row]<\/p>\n","protected":false},"excerpt":{"rendered":"<p>[vc_row full_width=&#8221;stretch_row_content_no_spaces&#8221;][vc_column][\/vc_column][\/vc_row][vc_row css_animation=&#8221;fadeInUp&#8221; el_class=&#8221;section&#8221;][vc_column][vc_row_inner content_placement=&#8221;middle&#8221;][vc_column_inner width=&#8221;2\/3&#8243; offset=&#8221;vc_col-lg-offset-1 vc_col-lg-6&#8243;][vc_column_text css_animation=&#8221;fadeIn&#8221; css=&#8221;&#8221; el_class=&#8221;mb50&#8243;]The Division Minerals is engaged in the mining, processing and preparation of valuable raw materials, supporting the production of pioneering products. With production sites in Austria, Czech Republic, Slovakia, Hungary, and Asia, raw materials such as kaolin, feldspar, clay, limestone, sand, gravel, and crushed stone are mined and processed. In addition to the Groups own ceramic tiles and building materials production, a wide range of other industries are also supplied. As a result, the business is becoming increasingly independent of the construction industry.[\/vc_column_text][\/vc_column_inner][vc_column_inner el_class=&#8221;mb30&#8243; width=&#8221;1\/3&#8243;][vc_single_image image=&#8221;764&#8243; img_size=&#8221;large&#8221; css_animation=&#8221;fadeIn&#8221; css=&#8221;&#8221;][\/vc_column_inner][\/vc_row_inner][\/vc_column][\/vc_row][vc_row css_animation=&#8221;fadeInUp&#8221;&#8230;<\/p>\n","protected":false},"author":1,"featured_media":0,"parent":26,"menu_order":0,"comment_status":"closed","ping_status":"closed","template":"","meta":{"footnotes":"","_links_to":"","_links_to_target":""},"class_list":["post-606","page","type-page","status-publish","hentry"],"yoast_head":"<!-- This site is optimized with the Yoast SEO Premium plugin v26.9 (Yoast SEO v26.9) - https:\/\/yoast.com\/product\/yoast-seo-premium-wordpress\/ -->\n<title>Minerals | Lasselsberger<\/title>\n<meta name=\"robots\" content=\"index, follow, max-snippet:-1, max-image-preview:large, max-video-preview:-1\" \/>\n<link rel=\"canonical\" href=\"https:\/\/www.lasselsberger.com\/en\/divisions\/minerals\/\" \/>\n<meta property=\"og:locale\" content=\"en_US\" \/>\n<meta property=\"og:type\" content=\"article\" \/>\n<meta property=\"og:title\" content=\"Minerals | Lasselsberger\" \/>\n<meta property=\"og:description\" content=\"[vc_row full_width=&#8221;stretch_row_content_no_spaces&#8221;][vc_column][\/vc_column][\/vc_row][vc_row css_animation=&#8221;fadeInUp&#8221; el_class=&#8221;section&#8221;][vc_column][vc_row_inner content_placement=&#8221;middle&#8221;][vc_column_inner width=&#8221;2\/3&#8243; offset=&#8221;vc_col-lg-offset-1 vc_col-lg-6&#8243;][vc_column_text css_animation=&#8221;fadeIn&#8221; css=&#8221;&#8221; el_class=&#8221;mb50&#8243;]The Division Minerals is engaged in the mining, processing and preparation of valuable raw materials, supporting the production of pioneering products. With production sites in Austria, Czech Republic, Slovakia, Hungary, and Asia, raw materials such as kaolin, feldspar, clay, limestone, sand, gravel, and crushed stone are mined and processed. In addition to the Groups own ceramic tiles and building materials production, a wide range of other industries are also supplied. As a result, the business is becoming increasingly independent of the construction industry.[\/vc_column_text][\/vc_column_inner][vc_column_inner el_class=&#8221;mb30&#8243; width=&#8221;1\/3&#8243;][vc_single_image image=&#8221;764&#8243; img_size=&#8221;large&#8221; css_animation=&#8221;fadeIn&#8221; css=&#8221;&#8221;][\/vc_column_inner][\/vc_row_inner][\/vc_column][\/vc_row][vc_row css_animation=&#8221;fadeInUp&#8221;...\" \/>\n<meta property=\"og:url\" content=\"https:\/\/www.lasselsberger.com\/en\/divisions\/minerals\/\" \/>\n<meta property=\"og:site_name\" content=\"Lasselsberger\" \/>\n<meta property=\"article:publisher\" content=\"https:\/\/www.facebook.com\/CemixAustria\/?locale=de_DE\" \/>\n<meta property=\"article:modified_time\" content=\"2026-02-02T13:11:41+00:00\" \/>\n<meta property=\"og:image\" content=\"https:\/\/www.lasselsberger.com\/wp-content\/uploads\/2026\/02\/LBGROUP-Logo-yoast.jpg\" \/>\n\t<meta property=\"og:image:width\" content=\"800\" \/>\n\t<meta property=\"og:image:height\" content=\"450\" \/>\n\t<meta property=\"og:image:type\" content=\"image\/jpeg\" \/>\n<meta name=\"twitter:card\" content=\"summary_large_image\" \/>\n<meta name=\"twitter:label1\" content=\"Est. reading time\" \/>\n\t<meta name=\"twitter:data1\" content=\"4 minutes\" \/>\n<script type=\"application\/ld+json\" class=\"yoast-schema-graph\">{\"@context\":\"https:\/\/schema.org\",\"@graph\":[{\"@type\":\"WebPage\",\"@id\":\"https:\/\/www.lasselsberger.com\/en\/divisions\/minerals\/\",\"url\":\"https:\/\/www.lasselsberger.com\/en\/divisions\/minerals\/\",\"name\":\"Minerals | Lasselsberger\",\"isPartOf\":{\"@id\":\"https:\/\/www.lasselsberger.com\/#website\"},\"datePublished\":\"2023-10-04T10:04:56+00:00\",\"dateModified\":\"2026-02-02T13:11:41+00:00\",\"breadcrumb\":{\"@id\":\"https:\/\/www.lasselsberger.com\/en\/divisions\/minerals\/#breadcrumb\"},\"inLanguage\":\"en-US\",\"potentialAction\":[{\"@type\":\"ReadAction\",\"target\":[\"https:\/\/www.lasselsberger.com\/en\/divisions\/minerals\/\"]}]},{\"@type\":\"BreadcrumbList\",\"@id\":\"https:\/\/www.lasselsberger.com\/en\/divisions\/minerals\/#breadcrumb\",\"itemListElement\":[{\"@type\":\"ListItem\",\"position\":1,\"name\":\"Startseite\",\"item\":\"https:\/\/www.lasselsberger.com\/en\/\"},{\"@type\":\"ListItem\",\"position\":2,\"name\":\"Divisions\",\"item\":\"https:\/\/www.lasselsberger.com\/divisionen\/\"},{\"@type\":\"ListItem\",\"position\":3,\"name\":\"Minerals\"}]},{\"@type\":\"WebSite\",\"@id\":\"https:\/\/www.lasselsberger.com\/#website\",\"url\":\"https:\/\/www.lasselsberger.com\/\",\"name\":\"Lasselsberger Group GmbH\",\"description\":\"\",\"publisher\":{\"@id\":\"https:\/\/www.lasselsberger.com\/#organization\"},\"alternateName\":\"Lasselsberger\",\"potentialAction\":[{\"@type\":\"SearchAction\",\"target\":{\"@type\":\"EntryPoint\",\"urlTemplate\":\"https:\/\/www.lasselsberger.com\/?s={search_term_string}\"},\"query-input\":{\"@type\":\"PropertyValueSpecification\",\"valueRequired\":true,\"valueName\":\"search_term_string\"}}],\"inLanguage\":\"en-US\"},{\"@type\":\"Organization\",\"@id\":\"https:\/\/www.lasselsberger.com\/#organization\",\"name\":\"Lasselsberger GmbH\",\"alternateName\":\"Lasselsberger\",\"url\":\"https:\/\/www.lasselsberger.com\/\",\"logo\":{\"@type\":\"ImageObject\",\"inLanguage\":\"en-US\",\"@id\":\"https:\/\/www.lasselsberger.com\/#\/schema\/logo\/image\/\",\"url\":\"https:\/\/www.lasselsberger.com\/wp-content\/uploads\/2026\/02\/LBGROUP-Logo-yoast.jpg\",\"contentUrl\":\"https:\/\/www.lasselsberger.com\/wp-content\/uploads\/2026\/02\/LBGROUP-Logo-yoast.jpg\",\"width\":800,\"height\":450,\"caption\":\"Lasselsberger GmbH\"},\"image\":{\"@id\":\"https:\/\/www.lasselsberger.com\/#\/schema\/logo\/image\/\"},\"sameAs\":[\"https:\/\/www.facebook.com\/CemixAustria\/?locale=de_DE\"],\"description\":\"Die LASSELSBERGER Group ist ein internationaler Produzent von Rohstoffen, Baustoffen und keramischen Fliesen\",\"email\":\"office@lasselsberger.com\",\"telephone\":\"+43 2757 7501-0\",\"legalName\":\"Lasselsberger GmbH\",\"numberOfEmployees\":{\"@type\":\"QuantitativeValue\",\"minValue\":\"5001\",\"maxValue\":\"10000\"}}]}<\/script>\n<!-- \/ Yoast SEO Premium plugin. -->","yoast_head_json":{"title":"Minerals | Lasselsberger","robots":{"index":"index","follow":"follow","max-snippet":"max-snippet:-1","max-image-preview":"max-image-preview:large","max-video-preview":"max-video-preview:-1"},"canonical":"https:\/\/www.lasselsberger.com\/en\/divisions\/minerals\/","og_locale":"en_US","og_type":"article","og_title":"Minerals | Lasselsberger","og_description":"[vc_row full_width=&#8221;stretch_row_content_no_spaces&#8221;][vc_column][\/vc_column][\/vc_row][vc_row css_animation=&#8221;fadeInUp&#8221; el_class=&#8221;section&#8221;][vc_column][vc_row_inner content_placement=&#8221;middle&#8221;][vc_column_inner width=&#8221;2\/3&#8243; offset=&#8221;vc_col-lg-offset-1 vc_col-lg-6&#8243;][vc_column_text css_animation=&#8221;fadeIn&#8221; css=&#8221;&#8221; el_class=&#8221;mb50&#8243;]The Division Minerals is engaged in the mining, processing and preparation of valuable raw materials, supporting the production of pioneering products. With production sites in Austria, Czech Republic, Slovakia, Hungary, and Asia, raw materials such as kaolin, feldspar, clay, limestone, sand, gravel, and crushed stone are mined and processed. In addition to the Groups own ceramic tiles and building materials production, a wide range of other industries are also supplied. As a result, the business is becoming increasingly independent of the construction industry.[\/vc_column_text][\/vc_column_inner][vc_column_inner el_class=&#8221;mb30&#8243; width=&#8221;1\/3&#8243;][vc_single_image image=&#8221;764&#8243; img_size=&#8221;large&#8221; css_animation=&#8221;fadeIn&#8221; css=&#8221;&#8221;][\/vc_column_inner][\/vc_row_inner][\/vc_column][\/vc_row][vc_row css_animation=&#8221;fadeInUp&#8221;...","og_url":"https:\/\/www.lasselsberger.com\/en\/divisions\/minerals\/","og_site_name":"Lasselsberger","article_publisher":"https:\/\/www.facebook.com\/CemixAustria\/?locale=de_DE","article_modified_time":"2026-02-02T13:11:41+00:00","og_image":[{"width":800,"height":450,"url":"https:\/\/www.lasselsberger.com\/wp-content\/uploads\/2026\/02\/LBGROUP-Logo-yoast.jpg","type":"image\/jpeg"}],"twitter_card":"summary_large_image","twitter_misc":{"Est. reading time":"4 minutes"},"schema":{"@context":"https:\/\/schema.org","@graph":[{"@type":"WebPage","@id":"https:\/\/www.lasselsberger.com\/en\/divisions\/minerals\/","url":"https:\/\/www.lasselsberger.com\/en\/divisions\/minerals\/","name":"Minerals | Lasselsberger","isPartOf":{"@id":"https:\/\/www.lasselsberger.com\/#website"},"datePublished":"2023-10-04T10:04:56+00:00","dateModified":"2026-02-02T13:11:41+00:00","breadcrumb":{"@id":"https:\/\/www.lasselsberger.com\/en\/divisions\/minerals\/#breadcrumb"},"inLanguage":"en-US","potentialAction":[{"@type":"ReadAction","target":["https:\/\/www.lasselsberger.com\/en\/divisions\/minerals\/"]}]},{"@type":"BreadcrumbList","@id":"https:\/\/www.lasselsberger.com\/en\/divisions\/minerals\/#breadcrumb","itemListElement":[{"@type":"ListItem","position":1,"name":"Startseite","item":"https:\/\/www.lasselsberger.com\/en\/"},{"@type":"ListItem","position":2,"name":"Divisions","item":"https:\/\/www.lasselsberger.com\/divisionen\/"},{"@type":"ListItem","position":3,"name":"Minerals"}]},{"@type":"WebSite","@id":"https:\/\/www.lasselsberger.com\/#website","url":"https:\/\/www.lasselsberger.com\/","name":"Lasselsberger Group GmbH","description":"","publisher":{"@id":"https:\/\/www.lasselsberger.com\/#organization"},"alternateName":"Lasselsberger","potentialAction":[{"@type":"SearchAction","target":{"@type":"EntryPoint","urlTemplate":"https:\/\/www.lasselsberger.com\/?s={search_term_string}"},"query-input":{"@type":"PropertyValueSpecification","valueRequired":true,"valueName":"search_term_string"}}],"inLanguage":"en-US"},{"@type":"Organization","@id":"https:\/\/www.lasselsberger.com\/#organization","name":"Lasselsberger GmbH","alternateName":"Lasselsberger","url":"https:\/\/www.lasselsberger.com\/","logo":{"@type":"ImageObject","inLanguage":"en-US","@id":"https:\/\/www.lasselsberger.com\/#\/schema\/logo\/image\/","url":"https:\/\/www.lasselsberger.com\/wp-content\/uploads\/2026\/02\/LBGROUP-Logo-yoast.jpg","contentUrl":"https:\/\/www.lasselsberger.com\/wp-content\/uploads\/2026\/02\/LBGROUP-Logo-yoast.jpg","width":800,"height":450,"caption":"Lasselsberger GmbH"},"image":{"@id":"https:\/\/www.lasselsberger.com\/#\/schema\/logo\/image\/"},"sameAs":["https:\/\/www.facebook.com\/CemixAustria\/?locale=de_DE"],"description":"Die LASSELSBERGER Group ist ein internationaler Produzent von Rohstoffen, Baustoffen und keramischen Fliesen","email":"office@lasselsberger.com","telephone":"+43 2757 7501-0","legalName":"Lasselsberger GmbH","numberOfEmployees":{"@type":"QuantitativeValue","minValue":"5001","maxValue":"10000"}}]}},"_links":{"self":[{"href":"https:\/\/www.lasselsberger.com\/en\/wp-json\/wp\/v2\/pages\/606","targetHints":{"allow":["GET"]}}],"collection":[{"href":"https:\/\/www.lasselsberger.com\/en\/wp-json\/wp\/v2\/pages"}],"about":[{"href":"https:\/\/www.lasselsberger.com\/en\/wp-json\/wp\/v2\/types\/page"}],"author":[{"embeddable":true,"href":"https:\/\/www.lasselsberger.com\/en\/wp-json\/wp\/v2\/users\/1"}],"replies":[{"embeddable":true,"href":"https:\/\/www.lasselsberger.com\/en\/wp-json\/wp\/v2\/comments?post=606"}],"version-history":[{"count":5,"href":"https:\/\/www.lasselsberger.com\/en\/wp-json\/wp\/v2\/pages\/606\/revisions"}],"predecessor-version":[{"id":790,"href":"https:\/\/www.lasselsberger.com\/en\/wp-json\/wp\/v2\/pages\/606\/revisions\/790"}],"up":[{"embeddable":true,"href":"https:\/\/www.lasselsberger.com\/en\/wp-json\/wp\/v2\/pages\/26"}],"wp:attachment":[{"href":"https:\/\/www.lasselsberger.com\/en\/wp-json\/wp\/v2\/media?parent=606"}],"curies":[{"name":"wp","href":"https:\/\/api.w.org\/{rel}","templated":true}]}}