{"id":592,"date":"2023-10-04T14:06:07","date_gmt":"2023-10-04T12:06:07","guid":{"rendered":"https:\/\/dev.lasselsberger.com\/divisions\/keramik\/"},"modified":"2026-02-02T12:24:14","modified_gmt":"2026-02-02T11:24:14","slug":"ceramics","status":"publish","type":"page","link":"https:\/\/www.lasselsberger.com\/en\/divisions\/ceramics\/","title":{"rendered":"Ceramics"},"content":{"rendered":"<p>[vc_row full_width=&#8221;stretch_row_content_no_spaces&#8221;][vc_column]\n        <div id=\"page-title\" class=\"\">\n            <div id=\"hero\"><\/div>\n            <div class=\"page-title-inner\">\n                <div class=\"page-title-content\"><h1 class=\"title\">Ceramics<\/h1><\/div>\n            <\/div>\n        <\/div>[\/vc_column][\/vc_row][vc_row css_animation=&#8221;fadeInUp&#8221; el_class=&#8221;section&#8221;][vc_column][vc_row_inner content_placement=&#8221;middle&#8221;][vc_column_inner width=&#8221;2\/3&#8243; offset=&#8221;vc_col-lg-offset-1 vc_col-lg-6&#8243;]<div class=\"heading-wrapper    wpb_animate_when_almost_visible wpb_fadeIn fadeIn\"><h2 class=\"title\">Tradition elevated to excellence<\/h2><\/div>[vc_column_text css_animation=&#8221;fadeIn&#8221; css=&#8221;&#8221;]With over 140 years of ceramic tradition, the companies in the Ceramics division are among the leading manufacturers of ceramic tiles in the Central and Eastern European market. By using state-of-the-art technologies in production and quality assurance, we stand for maximum precision and durability, meeting the highest standards of design, functionality, and sustainability. Thanks to vertical integration\u2014from the selection of raw materials to the finished surface\u2014we create modern and pioneering solutions from a single source. With tiles from our well-established brands RAKO, CESAROM, ZALAKERAMIA, and LB CERAMICS, we create spaces that radiate warmth and harmony while impressing with their clarity. This creates environments in which people feel comfortable and which enrich everyday life with style.[\/vc_column_text][\/vc_column_inner][vc_column_inner el_class=&#8221;mb30&#8243; width=&#8221;1\/3&#8243;][vc_single_image image=&#8221;771&#8243; img_size=&#8221;large&#8221; css_animation=&#8221;fadeIn&#8221; css=&#8221;&#8221; el_class=&#8221;pt30&#8243;][\/vc_column_inner][\/vc_row_inner][\/vc_column][\/vc_row][vc_row full_width=&#8221;stretch_row&#8221; el_class=&#8221;section&#8221;][vc_column][vc_row_inner equal_height=&#8221;yes&#8221;][vc_column_inner width=&#8221;1\/2&#8243; offset=&#8221;vc_col-md-4&#8243;]\n        <div class=\"companybox  wpb_animate_when_almost_visible wpb_fadeIn fadeIn\">\n            <div class=\"image-holder\">\n                <img decoding=\"async\" src=\"https:\/\/www.lasselsberger.com\/wp-content\/uploads\/2025\/12\/logo-rako-v2.jpg\" alt=\"\">\n            <\/div>\n            <div class=\"content\">\n            \t<div>\n\t                <h3>Lasselsberger s.r.o.<\/h3>\n\t                <p>Lasselsberger, s.r.o., with its RAKO brand, is one of Europe\u2019s leading ceramic tile manufacturers, with more than 130 years of experience in the tile industry, a high level of expertise in the commercial sector, and supplies more than 50 countries worldwide from its base in Czechia.<\/p>\n<p>Adelova 2549\/1,<br \/>\n320 00 Plze\u0148 \u2013 Ji\u017en\u00ed P\u0159edm\u011bst\u00ed<br \/>\nCzechia<\/p>\n\n                <\/div>\n                <div class=\"contact-infos\">\n\t                <a class=\"text-link\" href=\"tel:+420 378 021 111\" target=\"_blank\"><img decoding=\"async\" class=\"icon\" src=\"https:\/\/www.lasselsberger.com\/wp-content\/themes\/dp-core\/img\/icons\/icon-phone.svg\" alt=\"Phone\">+420 378 021 111<\/a><a class=\"text-link\" href=\"mailto:info@rako.cz\" target=\"_blank\"><img decoding=\"async\" class=\"icon\" src=\"https:\/\/www.lasselsberger.com\/wp-content\/themes\/dp-core\/img\/icons\/icon-mail.svg\" alt=\"E-Mail\">info@rako.cz<\/a><a class=\"text-link\" href=\"https:\/\/www.rako.cz\" target=\"_blank\"><img decoding=\"async\" class=\"icon\" src=\"https:\/\/www.lasselsberger.com\/wp-content\/themes\/dp-core\/img\/icons\/icon-web.svg\" alt=\"Website\">www.rako.cz<\/a>\n                <\/div>\n            <\/div>\n        <\/div>[\/vc_column_inner][vc_column_inner width=&#8221;1\/2&#8243; offset=&#8221;vc_col-md-4&#8243;]\n        <div class=\"companybox  wpb_animate_when_almost_visible wpb_fadeIn fadeIn\">\n            <div class=\"image-holder\">\n                <img decoding=\"async\" src=\"https:\/\/www.lasselsberger.com\/wp-content\/uploads\/2025\/12\/logo-cesarom.jpg\" alt=\"\">\n            <\/div>\n            <div class=\"content\">\n            \t<div>\n\t                <h3>SANEX SA<\/h3>\n\t                <p>Sanex SA has state-of-the-art production facilities at its new company location in S\u0103ndule\u0219ti and is the market leader in the Romanian tile market, which is supplied under the traditional CESAROM brand.<\/p>\n<p>Str. Carierei nr. 364<br \/>\n407500, S\u0103ndule\u0219ti, Kreis Cluj<br \/>\nRomania<\/p>\n\n                <\/div>\n                <div class=\"contact-infos\">\n\t                <a class=\"text-link\" href=\"tel:+40 372 640 800\" target=\"_blank\"><img decoding=\"async\" class=\"icon\" src=\"https:\/\/www.lasselsberger.com\/wp-content\/themes\/dp-core\/img\/icons\/icon-phone.svg\" alt=\"Phone\">+40 372 640 800<\/a><a class=\"text-link\" href=\"mailto:office@ro.lasselsberger.com\" target=\"_blank\"><img decoding=\"async\" class=\"icon\" src=\"https:\/\/www.lasselsberger.com\/wp-content\/themes\/dp-core\/img\/icons\/icon-mail.svg\" alt=\"E-Mail\">office@ro.lasselsberger.com<\/a><a class=\"text-link\" href=\"https:\/\/www.sanex.ro\" target=\"_blank\"><img decoding=\"async\" class=\"icon\" src=\"https:\/\/www.lasselsberger.com\/wp-content\/themes\/dp-core\/img\/icons\/icon-web.svg\" alt=\"Website\">www.sanex.ro<\/a>\n                <\/div>\n            <\/div>\n        <\/div>[\/vc_column_inner][vc_column_inner width=&#8221;1\/2&#8243; offset=&#8221;vc_col-md-4&#8243;]\n        <div class=\"companybox  wpb_animate_when_almost_visible wpb_fadeIn fadeIn\">\n            <div class=\"image-holder\">\n                <img decoding=\"async\" src=\"https:\/\/www.lasselsberger.com\/wp-content\/uploads\/2025\/12\/logo-zalakeramia.jpg\" alt=\"\">\n            <\/div>\n            <div class=\"content\">\n            \t<div>\n\t                <h3>ZALAKER\u00c1MIA ZRT.<\/h3>\n\t                <p>Zalakeramia zrt. is a Hungarian company that manufactures and distributes ceramic wall and floor tiles and related ceramic products.<\/p>\n<p>R\u00e1k\u00f3czi \u00fat 44.,<br \/>\n8946 T\u00f3fej<br \/>\nHungary<\/p>\n\n                <\/div>\n                <div class=\"contact-infos\">\n\t                <a class=\"text-link\" href=\"tel:+36 92 566 400\" target=\"_blank\"><img decoding=\"async\" class=\"icon\" src=\"https:\/\/www.lasselsberger.com\/wp-content\/themes\/dp-core\/img\/icons\/icon-phone.svg\" alt=\"Phone\">+36 92 566 400<\/a><a class=\"text-link\" href=\"mailto:info@zalakeramia.hu\" target=\"_blank\"><img decoding=\"async\" class=\"icon\" src=\"https:\/\/www.lasselsberger.com\/wp-content\/themes\/dp-core\/img\/icons\/icon-mail.svg\" alt=\"E-Mail\">info@zalakeramia.hu<\/a><a class=\"text-link\" href=\"https:\/\/www.zalakeramia.hu\" target=\"_blank\"><img decoding=\"async\" class=\"icon\" src=\"https:\/\/www.lasselsberger.com\/wp-content\/themes\/dp-core\/img\/icons\/icon-web.svg\" alt=\"Website\">www.zalakeramia.hu<\/a>\n                <\/div>\n            <\/div>\n        <\/div>[\/vc_column_inner][vc_column_inner width=&#8221;1\/2&#8243; offset=&#8221;vc_col-md-4&#8243;]\n        <div class=\"companybox  wpb_animate_when_almost_visible wpb_fadeIn fadeIn\">\n            <div class=\"image-holder\">\n                <img decoding=\"async\" src=\"https:\/\/www.lasselsberger.com\/wp-content\/uploads\/2025\/12\/logo-lbceramics-v2.jpg\" alt=\"\">\n            <\/div>\n            <div class=\"content\">\n            \t<div>\n\t                <h3>OOO Lasselsberger<\/h3>\n\t                <p>With its Russian subsidiary OOO Lasselsberger, the Lasselsberger Group has for many years had a state-of-the-art production site in one of the most interesting tile markets, which is supplied under the LB CERAMICS brand.<\/p>\n<p>ul.Elektrozavodskaya, d.8,<br \/>\n450520 Ufa<br \/>\nRussia<\/p>\n\n                <\/div>\n                <div class=\"contact-infos\">\n\t                <a class=\"text-link\" href=\"tel:+7 347 293 6310\" target=\"_blank\"><img decoding=\"async\" class=\"icon\" src=\"https:\/\/www.lasselsberger.com\/wp-content\/themes\/dp-core\/img\/icons\/icon-phone.svg\" alt=\"Phone\">+7 347 293 6310<\/a><a class=\"text-link\" href=\"mailto:office@ru.lasselsberger.com\" target=\"_blank\"><img decoding=\"async\" class=\"icon\" src=\"https:\/\/www.lasselsberger.com\/wp-content\/themes\/dp-core\/img\/icons\/icon-mail.svg\" alt=\"E-Mail\">office@ru.lasselsberger.com<\/a><a class=\"text-link\" href=\"https:\/\/www.lb-ceramics.ru\" target=\"_blank\"><img decoding=\"async\" class=\"icon\" src=\"https:\/\/www.lasselsberger.com\/wp-content\/themes\/dp-core\/img\/icons\/icon-web.svg\" alt=\"Website\">www.lb-ceramics.ru<\/a>\n                <\/div>\n            <\/div>\n        <\/div>[\/vc_column_inner][\/vc_row_inner][\/vc_column][\/vc_row][vc_row][vc_column][vc_empty_space height=&#8221;50px&#8221;][\/vc_column][\/vc_row]<\/p>\n","protected":false},"excerpt":{"rendered":"<p>[vc_row full_width=&#8221;stretch_row_content_no_spaces&#8221;][vc_column][\/vc_column][\/vc_row][vc_row css_animation=&#8221;fadeInUp&#8221; el_class=&#8221;section&#8221;][vc_column][vc_row_inner content_placement=&#8221;middle&#8221;][vc_column_inner width=&#8221;2\/3&#8243; offset=&#8221;vc_col-lg-offset-1 vc_col-lg-6&#8243;][vc_column_text css_animation=&#8221;fadeIn&#8221; css=&#8221;&#8221;]With over 140 years of ceramic tradition, the companies in the Ceramics division are among the leading manufacturers of ceramic tiles in the Central and Eastern European market. By using state-of-the-art technologies in production and quality assurance, we stand for maximum precision and durability, meeting the highest standards of design, functionality, and sustainability. Thanks to vertical integration\u2014from the selection of raw materials to the finished surface\u2014we create modern and pioneering solutions from a single source. With tiles from our well-established brands RAKO, CESAROM, ZALAKERAMIA, and LB CERAMICS, we create spaces that&#8230;<\/p>\n","protected":false},"author":1,"featured_media":0,"parent":26,"menu_order":0,"comment_status":"closed","ping_status":"closed","template":"","meta":{"footnotes":"","_links_to":"","_links_to_target":""},"class_list":["post-592","page","type-page","status-publish","hentry"],"yoast_head":"<!-- This site is optimized with the Yoast SEO Premium plugin v26.9 (Yoast SEO v26.9) - https:\/\/yoast.com\/product\/yoast-seo-premium-wordpress\/ -->\n<title>Ceramics | Lasselsberger<\/title>\n<meta name=\"robots\" content=\"index, follow, max-snippet:-1, max-image-preview:large, max-video-preview:-1\" \/>\n<link rel=\"canonical\" href=\"https:\/\/www.lasselsberger.com\/en\/divisions\/ceramics\/\" \/>\n<meta property=\"og:locale\" content=\"en_US\" \/>\n<meta property=\"og:type\" content=\"article\" \/>\n<meta property=\"og:title\" content=\"Ceramics | Lasselsberger\" \/>\n<meta property=\"og:description\" content=\"[vc_row full_width=&#8221;stretch_row_content_no_spaces&#8221;][vc_column][\/vc_column][\/vc_row][vc_row css_animation=&#8221;fadeInUp&#8221; el_class=&#8221;section&#8221;][vc_column][vc_row_inner content_placement=&#8221;middle&#8221;][vc_column_inner width=&#8221;2\/3&#8243; offset=&#8221;vc_col-lg-offset-1 vc_col-lg-6&#8243;][vc_column_text css_animation=&#8221;fadeIn&#8221; css=&#8221;&#8221;]With over 140 years of ceramic tradition, the companies in the Ceramics division are among the leading manufacturers of ceramic tiles in the Central and Eastern European market. By using state-of-the-art technologies in production and quality assurance, we stand for maximum precision and durability, meeting the highest standards of design, functionality, and sustainability. Thanks to vertical integration\u2014from the selection of raw materials to the finished surface\u2014we create modern and pioneering solutions from a single source. With tiles from our well-established brands RAKO, CESAROM, ZALAKERAMIA, and LB CERAMICS, we create spaces that...\" \/>\n<meta property=\"og:url\" content=\"https:\/\/www.lasselsberger.com\/en\/divisions\/ceramics\/\" \/>\n<meta property=\"og:site_name\" content=\"Lasselsberger\" \/>\n<meta property=\"article:publisher\" content=\"https:\/\/www.facebook.com\/CemixAustria\/?locale=de_DE\" \/>\n<meta property=\"article:modified_time\" content=\"2026-02-02T11:24:14+00:00\" \/>\n<meta property=\"og:image\" content=\"https:\/\/www.lasselsberger.com\/wp-content\/uploads\/2026\/02\/LBGROUP-Logo-yoast.jpg\" \/>\n\t<meta property=\"og:image:width\" content=\"800\" \/>\n\t<meta property=\"og:image:height\" content=\"450\" \/>\n\t<meta property=\"og:image:type\" content=\"image\/jpeg\" \/>\n<meta name=\"twitter:card\" content=\"summary_large_image\" \/>\n<meta name=\"twitter:label1\" content=\"Est. reading time\" \/>\n\t<meta name=\"twitter:data1\" content=\"3 minutes\" \/>\n<script type=\"application\/ld+json\" class=\"yoast-schema-graph\">{\"@context\":\"https:\/\/schema.org\",\"@graph\":[{\"@type\":\"WebPage\",\"@id\":\"https:\/\/www.lasselsberger.com\/en\/divisions\/ceramics\/\",\"url\":\"https:\/\/www.lasselsberger.com\/en\/divisions\/ceramics\/\",\"name\":\"Ceramics | Lasselsberger\",\"isPartOf\":{\"@id\":\"https:\/\/www.lasselsberger.com\/#website\"},\"datePublished\":\"2023-10-04T12:06:07+00:00\",\"dateModified\":\"2026-02-02T11:24:14+00:00\",\"breadcrumb\":{\"@id\":\"https:\/\/www.lasselsberger.com\/en\/divisions\/ceramics\/#breadcrumb\"},\"inLanguage\":\"en-US\",\"potentialAction\":[{\"@type\":\"ReadAction\",\"target\":[\"https:\/\/www.lasselsberger.com\/en\/divisions\/ceramics\/\"]}]},{\"@type\":\"BreadcrumbList\",\"@id\":\"https:\/\/www.lasselsberger.com\/en\/divisions\/ceramics\/#breadcrumb\",\"itemListElement\":[{\"@type\":\"ListItem\",\"position\":1,\"name\":\"Startseite\",\"item\":\"https:\/\/www.lasselsberger.com\/en\/\"},{\"@type\":\"ListItem\",\"position\":2,\"name\":\"Divisions\",\"item\":\"https:\/\/www.lasselsberger.com\/divisionen\/\"},{\"@type\":\"ListItem\",\"position\":3,\"name\":\"Ceramics\"}]},{\"@type\":\"WebSite\",\"@id\":\"https:\/\/www.lasselsberger.com\/#website\",\"url\":\"https:\/\/www.lasselsberger.com\/\",\"name\":\"Lasselsberger Group GmbH\",\"description\":\"\",\"publisher\":{\"@id\":\"https:\/\/www.lasselsberger.com\/#organization\"},\"alternateName\":\"Lasselsberger\",\"potentialAction\":[{\"@type\":\"SearchAction\",\"target\":{\"@type\":\"EntryPoint\",\"urlTemplate\":\"https:\/\/www.lasselsberger.com\/?s={search_term_string}\"},\"query-input\":{\"@type\":\"PropertyValueSpecification\",\"valueRequired\":true,\"valueName\":\"search_term_string\"}}],\"inLanguage\":\"en-US\"},{\"@type\":\"Organization\",\"@id\":\"https:\/\/www.lasselsberger.com\/#organization\",\"name\":\"Lasselsberger GmbH\",\"alternateName\":\"Lasselsberger\",\"url\":\"https:\/\/www.lasselsberger.com\/\",\"logo\":{\"@type\":\"ImageObject\",\"inLanguage\":\"en-US\",\"@id\":\"https:\/\/www.lasselsberger.com\/#\/schema\/logo\/image\/\",\"url\":\"https:\/\/www.lasselsberger.com\/wp-content\/uploads\/2026\/02\/LBGROUP-Logo-yoast.jpg\",\"contentUrl\":\"https:\/\/www.lasselsberger.com\/wp-content\/uploads\/2026\/02\/LBGROUP-Logo-yoast.jpg\",\"width\":800,\"height\":450,\"caption\":\"Lasselsberger GmbH\"},\"image\":{\"@id\":\"https:\/\/www.lasselsberger.com\/#\/schema\/logo\/image\/\"},\"sameAs\":[\"https:\/\/www.facebook.com\/CemixAustria\/?locale=de_DE\"],\"description\":\"Die LASSELSBERGER Group ist ein internationaler Produzent von Rohstoffen, Baustoffen und keramischen Fliesen\",\"email\":\"office@lasselsberger.com\",\"telephone\":\"+43 2757 7501-0\",\"legalName\":\"Lasselsberger GmbH\",\"numberOfEmployees\":{\"@type\":\"QuantitativeValue\",\"minValue\":\"5001\",\"maxValue\":\"10000\"}}]}<\/script>\n<!-- \/ Yoast SEO Premium plugin. -->","yoast_head_json":{"title":"Ceramics | Lasselsberger","robots":{"index":"index","follow":"follow","max-snippet":"max-snippet:-1","max-image-preview":"max-image-preview:large","max-video-preview":"max-video-preview:-1"},"canonical":"https:\/\/www.lasselsberger.com\/en\/divisions\/ceramics\/","og_locale":"en_US","og_type":"article","og_title":"Ceramics | Lasselsberger","og_description":"[vc_row full_width=&#8221;stretch_row_content_no_spaces&#8221;][vc_column][\/vc_column][\/vc_row][vc_row css_animation=&#8221;fadeInUp&#8221; el_class=&#8221;section&#8221;][vc_column][vc_row_inner content_placement=&#8221;middle&#8221;][vc_column_inner width=&#8221;2\/3&#8243; offset=&#8221;vc_col-lg-offset-1 vc_col-lg-6&#8243;][vc_column_text css_animation=&#8221;fadeIn&#8221; css=&#8221;&#8221;]With over 140 years of ceramic tradition, the companies in the Ceramics division are among the leading manufacturers of ceramic tiles in the Central and Eastern European market. By using state-of-the-art technologies in production and quality assurance, we stand for maximum precision and durability, meeting the highest standards of design, functionality, and sustainability. Thanks to vertical integration\u2014from the selection of raw materials to the finished surface\u2014we create modern and pioneering solutions from a single source. With tiles from our well-established brands RAKO, CESAROM, ZALAKERAMIA, and LB CERAMICS, we create spaces that...","og_url":"https:\/\/www.lasselsberger.com\/en\/divisions\/ceramics\/","og_site_name":"Lasselsberger","article_publisher":"https:\/\/www.facebook.com\/CemixAustria\/?locale=de_DE","article_modified_time":"2026-02-02T11:24:14+00:00","og_image":[{"width":800,"height":450,"url":"https:\/\/www.lasselsberger.com\/wp-content\/uploads\/2026\/02\/LBGROUP-Logo-yoast.jpg","type":"image\/jpeg"}],"twitter_card":"summary_large_image","twitter_misc":{"Est. reading time":"3 minutes"},"schema":{"@context":"https:\/\/schema.org","@graph":[{"@type":"WebPage","@id":"https:\/\/www.lasselsberger.com\/en\/divisions\/ceramics\/","url":"https:\/\/www.lasselsberger.com\/en\/divisions\/ceramics\/","name":"Ceramics | Lasselsberger","isPartOf":{"@id":"https:\/\/www.lasselsberger.com\/#website"},"datePublished":"2023-10-04T12:06:07+00:00","dateModified":"2026-02-02T11:24:14+00:00","breadcrumb":{"@id":"https:\/\/www.lasselsberger.com\/en\/divisions\/ceramics\/#breadcrumb"},"inLanguage":"en-US","potentialAction":[{"@type":"ReadAction","target":["https:\/\/www.lasselsberger.com\/en\/divisions\/ceramics\/"]}]},{"@type":"BreadcrumbList","@id":"https:\/\/www.lasselsberger.com\/en\/divisions\/ceramics\/#breadcrumb","itemListElement":[{"@type":"ListItem","position":1,"name":"Startseite","item":"https:\/\/www.lasselsberger.com\/en\/"},{"@type":"ListItem","position":2,"name":"Divisions","item":"https:\/\/www.lasselsberger.com\/divisionen\/"},{"@type":"ListItem","position":3,"name":"Ceramics"}]},{"@type":"WebSite","@id":"https:\/\/www.lasselsberger.com\/#website","url":"https:\/\/www.lasselsberger.com\/","name":"Lasselsberger Group GmbH","description":"","publisher":{"@id":"https:\/\/www.lasselsberger.com\/#organization"},"alternateName":"Lasselsberger","potentialAction":[{"@type":"SearchAction","target":{"@type":"EntryPoint","urlTemplate":"https:\/\/www.lasselsberger.com\/?s={search_term_string}"},"query-input":{"@type":"PropertyValueSpecification","valueRequired":true,"valueName":"search_term_string"}}],"inLanguage":"en-US"},{"@type":"Organization","@id":"https:\/\/www.lasselsberger.com\/#organization","name":"Lasselsberger GmbH","alternateName":"Lasselsberger","url":"https:\/\/www.lasselsberger.com\/","logo":{"@type":"ImageObject","inLanguage":"en-US","@id":"https:\/\/www.lasselsberger.com\/#\/schema\/logo\/image\/","url":"https:\/\/www.lasselsberger.com\/wp-content\/uploads\/2026\/02\/LBGROUP-Logo-yoast.jpg","contentUrl":"https:\/\/www.lasselsberger.com\/wp-content\/uploads\/2026\/02\/LBGROUP-Logo-yoast.jpg","width":800,"height":450,"caption":"Lasselsberger GmbH"},"image":{"@id":"https:\/\/www.lasselsberger.com\/#\/schema\/logo\/image\/"},"sameAs":["https:\/\/www.facebook.com\/CemixAustria\/?locale=de_DE"],"description":"Die LASSELSBERGER Group ist ein internationaler Produzent von Rohstoffen, Baustoffen und keramischen Fliesen","email":"office@lasselsberger.com","telephone":"+43 2757 7501-0","legalName":"Lasselsberger GmbH","numberOfEmployees":{"@type":"QuantitativeValue","minValue":"5001","maxValue":"10000"}}]}},"_links":{"self":[{"href":"https:\/\/www.lasselsberger.com\/en\/wp-json\/wp\/v2\/pages\/592","targetHints":{"allow":["GET"]}}],"collection":[{"href":"https:\/\/www.lasselsberger.com\/en\/wp-json\/wp\/v2\/pages"}],"about":[{"href":"https:\/\/www.lasselsberger.com\/en\/wp-json\/wp\/v2\/types\/page"}],"author":[{"embeddable":true,"href":"https:\/\/www.lasselsberger.com\/en\/wp-json\/wp\/v2\/users\/1"}],"replies":[{"embeddable":true,"href":"https:\/\/www.lasselsberger.com\/en\/wp-json\/wp\/v2\/comments?post=592"}],"version-history":[{"count":5,"href":"https:\/\/www.lasselsberger.com\/en\/wp-json\/wp\/v2\/pages\/592\/revisions"}],"predecessor-version":[{"id":772,"href":"https:\/\/www.lasselsberger.com\/en\/wp-json\/wp\/v2\/pages\/592\/revisions\/772"}],"up":[{"embeddable":true,"href":"https:\/\/www.lasselsberger.com\/en\/wp-json\/wp\/v2\/pages\/26"}],"wp:attachment":[{"href":"https:\/\/www.lasselsberger.com\/en\/wp-json\/wp\/v2\/media?parent=592"}],"curies":[{"name":"wp","href":"https:\/\/api.w.org\/{rel}","templated":true}]}}